{"id":208,"date":"2025-03-08T13:49:51","date_gmt":"2025-03-08T13:49:51","guid":{"rendered":"https:\/\/otica.wsoluti.com.br\/?post_type=product&#038;p=208"},"modified":"2025-03-08T14:16:04","modified_gmt":"2025-03-08T14:16:04","slug":"oculos-de-protecao-anti-radiacao","status":"publish","type":"product","link":"https:\/\/otica.wsoluti.com.br\/pt\/produto\/oculos-de-protecao-anti-radiacao\/","title":{"rendered":"\u00d3culos De Prote\u00e7\u00e3o Anti-Radia\u00e7\u00e3o"},"content":{"rendered":"<p>Material da Arma\u00e7\u00e3o: Metal<\/p>\n<p>Tipo de lente: Anti-reflexo, n\u00e3o polarizado<\/p>\n<p>Bloqueio de luz azul azul de bloqueio: Estes \u00f3culos s\u00e3o projetados para bloquear a luz azul e fornecer prote\u00e7\u00e3o UV400. Eles ajudam a proteger seus olhos da luz azul prejudicial emitida por dispositivos como TVs, telefones, telas digitais e luzes fluorescentes. O bloqueio de luz azul pode reduzir o desconforto, brilho, fadiga, dores de cabe\u00e7a, tens\u00e3o ocular e olhos secos, ajudando a proteger sua vis\u00e3o e melhorar a qualidade do sono.<\/p>\n<p>Lente HD Policarbonato: As lentes s\u00e3o feitas em policarbonato, e s\u00e3o anti-reflexo. S\u00e3o lentes claras e sem prescri\u00e7\u00e3o, sem distor\u00e7\u00e3o de cores, permitindo que voc\u00ea veja as cores verdadeiras. Al\u00e9m disso, as lentes podem ser facilmente removidas e substitu\u00eddas por lentes de prescri\u00e7\u00e3o, se necess\u00e1rio.<\/p>","protected":false},"excerpt":{"rendered":"<p>Material da Arma\u00e7\u00e3o: Metal Tipo de lente: Anti-reflexo, n\u00e3o polarizado Bloqueio de luz azul azul de bloqueio: Estes \u00f3culos s\u00e3o projetados para bloquear a luz azul e fornecer prote\u00e7\u00e3o UV400. Eles ajudam a proteger seus olhos da luz azul prejudicial emitida por dispositivos como TVs, telefones, telas digitais e luzes fluorescentes. O bloqueio de luz [&hellip;]<\/p>","protected":false},"featured_media":209,"comment_status":"open","ping_status":"closed","template":"","meta":[],"product_brand":[],"product_cat":[21],"product_tag":[],"class_list":{"0":"post-208","1":"product","2":"type-product","3":"status-publish","4":"has-post-thumbnail","6":"product_cat-oculos-femininos","8":"first","9":"instock","10":"sale","11":"shipping-taxable","12":"purchasable","13":"product-type-simple"},"jetpack_sharing_enabled":true,"_links":{"self":[{"href":"https:\/\/otica.wsoluti.com.br\/pt\/wp-json\/wp\/v2\/product\/208","targetHints":{"allow":["GET"]}}],"collection":[{"href":"https:\/\/otica.wsoluti.com.br\/pt\/wp-json\/wp\/v2\/product"}],"about":[{"href":"https:\/\/otica.wsoluti.com.br\/pt\/wp-json\/wp\/v2\/types\/product"}],"replies":[{"embeddable":true,"href":"https:\/\/otica.wsoluti.com.br\/pt\/wp-json\/wp\/v2\/comments?post=208"}],"wp:featuredmedia":[{"embeddable":true,"href":"https:\/\/otica.wsoluti.com.br\/pt\/wp-json\/wp\/v2\/media\/209"}],"wp:attachment":[{"href":"https:\/\/otica.wsoluti.com.br\/pt\/wp-json\/wp\/v2\/media?parent=208"}],"wp:term":[{"taxonomy":"product_brand","embeddable":true,"href":"https:\/\/otica.wsoluti.com.br\/pt\/wp-json\/wp\/v2\/product_brand?post=208"},{"taxonomy":"product_cat","embeddable":true,"href":"https:\/\/otica.wsoluti.com.br\/pt\/wp-json\/wp\/v2\/product_cat?post=208"},{"taxonomy":"product_tag","embeddable":true,"href":"https:\/\/otica.wsoluti.com.br\/pt\/wp-json\/wp\/v2\/product_tag?post=208"}],"curies":[{"name":"wp","href":"https:\/\/api.w.org\/{rel}","templated":true}]}}